{"id":7304,"date":"2025-01-11T15:59:31","date_gmt":"2025-01-11T14:59:31","guid":{"rendered":"https:\/\/kiosk.alsina.com\/encofrados-j-alsina\/mission-vision-et-valeurs\/"},"modified":"2025-03-04T09:34:56","modified_gmt":"2025-03-04T08:34:56","slug":"mission-vision-et-valeurs","status":"publish","type":"page","link":"https:\/\/presentacionproductosalsina.com\/fr\/encofrados-j-alsina\/mission-vision-et-valeurs\/","title":{"rendered":"MISSION, VISION ET VALEURS"},"content":{"rendered":"<p>[et_pb_section fb_built=\u00a0\u00bb1&Prime; admin_label=\u00a0\u00bbSection\u00a0\u00bb module_class=\u00a0\u00bbal-header-back\u00a0\u00bb _builder_version=\u00a0\u00bb4.19.4&Prime; _module_preset=\u00a0\u00bbdefault\u00a0\u00bb custom_margin=\u00a0\u00bb|0px|0px|0px|false|false\u00a0\u00bb custom_padding=\u00a0\u00bb0px|0px|0px|0px|false|false\u00a0\u00bb hover_enabled=\u00a0\u00bb0&Prime; da_disable_devices=\u00a0\u00bboff|off|off\u00a0\u00bb global_colors_info=\u00a0\u00bb{}\u00a0\u00bb theme_builder_area=\u00a0\u00bbpost_content\u00a0\u00bb disabled_on=\u00a0\u00bbon|on|on\u00a0\u00bb disabled=\u00a0\u00bbon\u00a0\u00bb sticky_enabled=\u00a0\u00bb0&Prime; da_is_popup=\u00a0\u00bboff\u00a0\u00bb da_exit_intent=\u00a0\u00bboff\u00a0\u00bb da_has_close=\u00a0\u00bbon\u00a0\u00bb da_alt_close=\u00a0\u00bboff\u00a0\u00bb da_dark_close=\u00a0\u00bboff\u00a0\u00bb da_not_modal=\u00a0\u00bbon\u00a0\u00bb da_is_singular=\u00a0\u00bboff\u00a0\u00bb da_with_loader=\u00a0\u00bboff\u00a0\u00bb da_has_shadow=\u00a0\u00bbon\u00a0\u00bb][et_pb_row column_structure=\u00a0\u00bb1_2,1_2&Prime; use_custom_gutter=\u00a0\u00bbon\u00a0\u00bb gutter_width=\u00a0\u00bb1&Prime; make_equal=\u00a0\u00bbon\u00a0\u00bb _builder_version=\u00a0\u00bb4.19.4&Prime; _module_preset=\u00a0\u00bbdefault\u00a0\u00bb width=\u00a0\u00bb98%\u00a0\u00bb max_width=\u00a0\u00bb2560px\u00a0\u00bb custom_margin=\u00a0\u00bb18px||||false|false\u00a0\u00bb custom_padding=\u00a0\u00bb16px||0px||false|false\u00a0\u00bb global_colors_info=\u00a0\u00bb{}\u00a0\u00bb theme_builder_area=\u00a0\u00bbpost_content\u00a0\u00bb][et_pb_column type=\u00a0\u00bb1_2&Prime; module_class=\u00a0\u00bbal-home-back\u00a0\u00bb _builder_version=\u00a0\u00bb4.19.4&Prime; _module_preset=\u00a0\u00bbdefault\u00a0\u00bb global_colors_info=\u00a0\u00bb{}\u00a0\u00bb theme_builder_area=\u00a0\u00bbpost_content\u00a0\u00bb][et_pb_image src=\u00a0\u00bbhttps:\/\/presentacionproductosalsina.com\/wp-content\/uploads\/2021\/12\/back-arrow.png\u00a0\u00bb title_text=\u00a0\u00bbback-arrow\u00a0\u00bb show_bottom_space=\u00a0\u00bboff\u00a0\u00bb module_id=\u00a0\u00bbal-back-button\u00a0\u00bb _builder_version=\u00a0\u00bb4.16&Prime; _module_preset=\u00a0\u00bbdefault\u00a0\u00bb custom_margin=\u00a0\u00bb0px|0px|0px|0px|false|false\u00a0\u00bb custom_padding=\u00a0\u00bb0px|0px|0px|0px|false|false\u00a0\u00bb global_colors_info=\u00a0\u00bb{}\u00a0\u00bb theme_builder_area=\u00a0\u00bbpost_content\u00a0\u00bb][\/et_pb_image][et_pb_image src=\u00a0\u00bbhttps:\/\/presentacionproductosalsina.com\/wp-content\/uploads\/2021\/12\/home.png\u00a0\u00bb title_text=\u00a0\u00bbhome\u00a0\u00bb url=\u00a0\u00bb@ET-DC@eyJkeW5hbWljIjp0cnVlLCJjb250ZW50IjoiaG9tZV91cmwiLCJzZXR0aW5ncyI6e319@\u00a0\u00bb show_bottom_space=\u00a0\u00bboff\u00a0\u00bb module_id=\u00a0\u00bbal-home-button\u00a0\u00bb _builder_version=\u00a0\u00bb4.19.4&Prime; _dynamic_attributes=\u00a0\u00bburl\u00a0\u00bb _module_preset=\u00a0\u00bbdefault\u00a0\u00bb custom_margin=\u00a0\u00bb0px|0px|0px|0px|false|false\u00a0\u00bb custom_padding=\u00a0\u00bb0px|0px|0px|0px|false|false\u00a0\u00bb global_colors_info=\u00a0\u00bb{}\u00a0\u00bb theme_builder_area=\u00a0\u00bbpost_content\u00a0\u00bb][\/et_pb_image][et_pb_sidebar area=\u00a0\u00bbet_pb_widget_area_1&Prime; module_class=\u00a0\u00bbal-language\u00a0\u00bb _builder_version=\u00a0\u00bb4.17.4&Prime; _module_preset=\u00a0\u00bbdefault\u00a0\u00bb global_colors_info=\u00a0\u00bb{}\u00a0\u00bb theme_builder_area=\u00a0\u00bbpost_content\u00a0\u00bb][\/et_pb_sidebar][\/et_pb_column][et_pb_column type=\u00a0\u00bb1_2&Prime; module_class=\u00a0\u00bbal-logo-column\u00a0\u00bb _builder_version=\u00a0\u00bb4.19.4&Prime; _module_preset=\u00a0\u00bbdefault\u00a0\u00bb global_colors_info=\u00a0\u00bb{}\u00a0\u00bb theme_builder_area=\u00a0\u00bbpost_content\u00a0\u00bb][et_pb_image src=\u00a0\u00bbhttps:\/\/presentacionproductosalsina.com\/wp-content\/uploads\/2021\/12\/logo_alsina.png\u00a0\u00bb title_text=\u00a0\u00bblogo_alsina\u00a0\u00bb show_bottom_space=\u00a0\u00bboff\u00a0\u00bb align=\u00a0\u00bbright\u00a0\u00bb _builder_version=\u00a0\u00bb4.19.4&Prime; _module_preset=\u00a0\u00bbdefault\u00a0\u00bb module_alignment=\u00a0\u00bbright\u00a0\u00bb height=\u00a0\u00bb40px\u00a0\u00bb custom_margin=\u00a0\u00bb20px||||false|false\u00a0\u00bb custom_margin_tablet=\u00a0\u00bb20px||||false|false\u00a0\u00bb custom_margin_phone=\u00a0\u00bb0px||||false|false\u00a0\u00bb custom_margin_last_edited=\u00a0\u00bbon|phone\u00a0\u00bb custom_padding=\u00a0\u00bb||||false|false\u00a0\u00bb global_colors_info=\u00a0\u00bb{}\u00a0\u00bb theme_builder_area=\u00a0\u00bbpost_content\u00a0\u00bb][\/et_pb_image][\/et_pb_column][\/et_pb_row][\/et_pb_section][et_pb_section fb_built=\u00a0\u00bb1&Prime; admin_label=\u00a0\u00bbSection\u00a0\u00bb module_class=\u00a0\u00bbalsina-prod\u00a0\u00bb _builder_version=\u00a0\u00bb4.19.4&Prime; _module_preset=\u00a0\u00bbdefault\u00a0\u00bb use_background_color_gradient=\u00a0\u00bbon\u00a0\u00bb background_color_gradient_repeat=\u00a0\u00bbon\u00a0\u00bb background_color_gradient_direction=\u00a0\u00bb120deg\u00a0\u00bb background_color_gradient_stops=\u00a0\u00bb#ffffff 0%|#eeeeee 100%\u00a0\u00bb background_color_gradient_start=\u00a0\u00bb#ffffff\u00a0\u00bb background_color_gradient_end=\u00a0\u00bb#eeeeee\u00a0\u00bb custom_margin=\u00a0\u00bb||||false|false\u00a0\u00bb custom_padding=\u00a0\u00bb||||false|false\u00a0\u00bb custom_css_main_element=\u00a0\u00bbbackground-image: linear-gradient(120deg, #ffffff 0%, #eeeeee 100%) !important;\u00a0\u00bb da_disable_devices=\u00a0\u00bboff|off|off\u00a0\u00bb global_colors_info=\u00a0\u00bb{}\u00a0\u00bb theme_builder_area=\u00a0\u00bbpost_content\u00a0\u00bb da_is_popup=\u00a0\u00bboff\u00a0\u00bb da_exit_intent=\u00a0\u00bboff\u00a0\u00bb da_has_close=\u00a0\u00bbon\u00a0\u00bb da_alt_close=\u00a0\u00bboff\u00a0\u00bb da_dark_close=\u00a0\u00bboff\u00a0\u00bb da_not_modal=\u00a0\u00bbon\u00a0\u00bb da_is_singular=\u00a0\u00bboff\u00a0\u00bb da_with_loader=\u00a0\u00bboff\u00a0\u00bb da_has_shadow=\u00a0\u00bbon\u00a0\u00bb][et_pb_row column_structure=\u00a0\u00bb1_2,1_2&Prime; use_custom_gutter=\u00a0\u00bbon\u00a0\u00bb gutter_width=\u00a0\u00bb2&Prime; make_equal=\u00a0\u00bbon\u00a0\u00bb _builder_version=\u00a0\u00bb4.19.4&Prime; _module_preset=\u00a0\u00bbdefault\u00a0\u00bb background_color=\u00a0\u00bbRGBA(255,255,255,0)\u00a0\u00bb width=\u00a0\u00bb90%\u00a0\u00bb max_width=\u00a0\u00bb2560px\u00a0\u00bb custom_margin=\u00a0\u00bb38px||||false|false\u00a0\u00bb custom_padding=\u00a0\u00bb40px||||false|false\u00a0\u00bb custom_css_main_element=\u00a0\u00bbbackground-image: linear-gradient(120deg, #ffffff 0%, #eeeeee 100%) !important;||padding-bottom: 0px !important;\u00a0\u00bb global_colors_info=\u00a0\u00bb{}\u00a0\u00bb theme_builder_area=\u00a0\u00bbpost_content\u00a0\u00bb][et_pb_column type=\u00a0\u00bb1_2&Prime; _builder_version=\u00a0\u00bb4.19.4&Prime; _module_preset=\u00a0\u00bbdefault\u00a0\u00bb background_color=\u00a0\u00bbRGBA(255,255,255,0)\u00a0\u00bb global_colors_info=\u00a0\u00bb{}\u00a0\u00bb theme_builder_area=\u00a0\u00bbpost_content\u00a0\u00bb][et_pb_image src=\u00a0\u00bbhttps:\/\/presentacionproductosalsina.com\/wp-content\/uploads\/2025\/02\/triangulo-valores-alsina-fr.jpg\u00a0\u00bb title_text=\u00a0\u00bbtriangulo-valores-alsina-fr\u00a0\u00bb _builder_version=\u00a0\u00bb4.19.4&Prime; _module_preset=\u00a0\u00bbdefault\u00a0\u00bb hover_enabled=\u00a0\u00bb0&Prime; global_colors_info=\u00a0\u00bb{}\u00a0\u00bb theme_builder_area=\u00a0\u00bbpost_content\u00a0\u00bb sticky_enabled=\u00a0\u00bb0&Prime;][\/et_pb_image][et_pb_divider color=\u00a0\u00bbRGBA(255,255,255,0)\u00a0\u00bb _builder_version=\u00a0\u00bb4.19.4&Prime; _module_preset=\u00a0\u00bbdefault\u00a0\u00bb custom_padding=\u00a0\u00bb24px||||false|false\u00a0\u00bb global_colors_info=\u00a0\u00bb{}\u00a0\u00bb theme_builder_area=\u00a0\u00bbpost_content\u00a0\u00bb][\/et_pb_divider][et_pb_image src=\u00a0\u00bbhttps:\/\/presentacionproductosalsina.com\/wp-content\/uploads\/2021\/11\/PEDRO-horitontales-2-thegem-person-160.jpg\u00a0\u00bb title_text=\u00a0\u00bbPEDRO-horitontales-2-thegem-person-160&Prime; _builder_version=\u00a0\u00bb4.19.4&Prime; _module_preset=\u00a0\u00bbdefault\u00a0\u00bb transform_translate=\u00a0\u00bb0px|70px\u00a0\u00bb transform_translate_linked=\u00a0\u00bboff\u00a0\u00bb z_index=\u00a0\u00bb10&Prime; width=\u00a0\u00bb100px\u00a0\u00bb module_alignment=\u00a0\u00bbcenter\u00a0\u00bb custom_margin=\u00a0\u00bb-200px||||false|false\u00a0\u00bb border_radii=\u00a0\u00bbon|100px|100px|100px|100px\u00a0\u00bb box_shadow_style=\u00a0\u00bbpreset1&Prime; box_shadow_color=\u00a0\u00bbrgba(0,0,0,0.1)\u00a0\u00bb global_colors_info=\u00a0\u00bb{}\u00a0\u00bb theme_builder_area=\u00a0\u00bbpost_content\u00a0\u00bb][\/et_pb_image][et_pb_text _builder_version=\u00a0\u00bb4.19.4&Prime; _module_preset=\u00a0\u00bbdefault\u00a0\u00bb text_font_size=\u00a0\u00bb16px\u00a0\u00bb text_line_height=\u00a0\u00bb1em\u00a0\u00bb background_color=\u00a0\u00bb#FFFFFF\u00a0\u00bb width=\u00a0\u00bb400px\u00a0\u00bb custom_margin=\u00a0\u00bb|auto||auto|false|false\u00a0\u00bb custom_padding=\u00a0\u00bb64px|30px|50px|30px|false|true\u00a0\u00bb hover_enabled=\u00a0\u00bb0&Prime; border_radii=\u00a0\u00bbon|20px|20px|20px|20px\u00a0\u00bb box_shadow_style=\u00a0\u00bbpreset3&Prime; box_shadow_blur=\u00a0\u00bb30px\u00a0\u00bb box_shadow_color=\u00a0\u00bbrgba(0,0,0,0.1)\u00a0\u00bb global_colors_info=\u00a0\u00bb{}\u00a0\u00bb theme_builder_area=\u00a0\u00bbpost_content\u00a0\u00bb sticky_enabled=\u00a0\u00bb0&Prime;]<\/p>\n<p style=\"text-align: center;\"><strong>D\u00e9couvrez les solutions que nous pouvons vous proposer. Contactez-nous !<\/strong><\/p>\n<p style=\"text-align: center;\">Plus de 5 000 projets \u00e0 travers le monde nous soutiennent !<\/p>\n<p>[\/et_pb_text][et_pb_button button_url=\u00a0\u00bb#al-contact\u00a0\u00bb button_text=\u00a0\u00bbContacto\u00a0\u00bb button_alignment=\u00a0\u00bbcenter\u00a0\u00bb _builder_version=\u00a0\u00bb4.19.4&Prime; _module_preset=\u00a0\u00bbdefault\u00a0\u00bb transform_translate=\u00a0\u00bb0px|-55px\u00a0\u00bb transform_translate_linked=\u00a0\u00bboff\u00a0\u00bb global_colors_info=\u00a0\u00bb{}\u00a0\u00bb theme_builder_area=\u00a0\u00bbpost_content\u00a0\u00bb][\/et_pb_button][\/et_pb_column][et_pb_column type=\u00a0\u00bb1_2&Prime; _builder_version=\u00a0\u00bb4.19.4&Prime; _module_preset=\u00a0\u00bbdefault\u00a0\u00bb background_color=\u00a0\u00bbRGBA(255,255,255,0)\u00a0\u00bb global_colors_info=\u00a0\u00bb{}\u00a0\u00bb theme_builder_area=\u00a0\u00bbpost_content\u00a0\u00bb][et_pb_text _builder_version=\u00a0\u00bb4.19.4&Prime; _module_preset=\u00a0\u00bbdefault\u00a0\u00bb text_font_size=\u00a0\u00bb16px\u00a0\u00bb header_font=\u00a0\u00bb|800|||||||\u00a0\u00bb header_font_size=\u00a0\u00bb60px\u00a0\u00bb global_colors_info=\u00a0\u00bb{}\u00a0\u00bb theme_builder_area=\u00a0\u00bbpost_content\u00a0\u00bb]<\/p>\n<h1>MISSION, VISION ET VALEURS<\/h1>\n<p>&nbsp;<\/p>\n<p>[\/et_pb_text][et_pb_text _builder_version=\u00a0\u00bb4.19.4&Prime; _module_preset=\u00a0\u00bbdefault\u00a0\u00bb text_font_size=\u00a0\u00bb16px\u00a0\u00bb header_font=\u00a0\u00bb|800|||||||\u00a0\u00bb header_font_size=\u00a0\u00bb60px\u00a0\u00bb hover_enabled=\u00a0\u00bb0&Prime; global_colors_info=\u00a0\u00bb{}\u00a0\u00bb theme_builder_area=\u00a0\u00bbpost_content\u00a0\u00bb sticky_enabled=\u00a0\u00bb0&Prime;]<\/p>\n<p>En raison des <strong>racines familiales sur lesquelles repose cette entreprise<\/strong>, nous nous effor\u00e7ons de rester fid\u00e8les \u00e0 la conduite \u00e9thique et morale de notre fondateur, M. <strong><em>Juan Alsina Albareda<\/em><\/strong>, et de transmettre ses valeurs \u00e0 nos produits et services. Forts de cet engagement, <strong>nous les avons inclus dans tous les manuels de formation du personnel<\/strong> d&rsquo;Alsina afin qu&rsquo;ils puissent les conna\u00eetre et les respecter.<\/p>\n<p>De m\u00eame, dans le cadre du processus de feedback que nous r\u00e9alisons chaque ann\u00e9e,<strong> nous analysons comment chacun de nos collaborateurs<\/strong> transmet les principes et les valeurs d&rsquo;Alsina \u00e0 ses activit\u00e9s.<\/p>\n<p>[\/et_pb_text][et_pb_tabs active_tab_background_color=\u00a0\u00bbRGBA(0,0,0,0)\u00a0\u00bb inactive_tab_background_color=\u00a0\u00bbRGBA(0,0,0,0)\u00a0\u00bb active_tab_text_color=\u00a0\u00bb#000000&Prime; module_class=\u00a0\u00bbal-tabs\u00a0\u00bb _builder_version=\u00a0\u00bb4.19.4&Prime; _module_preset=\u00a0\u00bbdefault\u00a0\u00bb tab_text_color=\u00a0\u00bb#888888&Prime; tab_font=\u00a0\u00bb|800||on|||||\u00a0\u00bb tab_font_size=\u00a0\u00bb14px\u00a0\u00bb tab_letter_spacing=\u00a0\u00bb1px\u00a0\u00bb background_color=\u00a0\u00bbRGBA(0,0,0,0)\u00a0\u00bb custom_padding=\u00a0\u00bb|||0px|false|false\u00a0\u00bb hover_enabled=\u00a0\u00bb0&Prime; border_width_all=\u00a0\u00bb0px\u00a0\u00bb border_color_all=\u00a0\u00bb#ffffff\u00a0\u00bb global_colors_info=\u00a0\u00bb{}\u00a0\u00bb theme_builder_area=\u00a0\u00bbpost_content\u00a0\u00bb sticky_enabled=\u00a0\u00bb0&Prime;][et_pb_tab title=\u00a0\u00bbMISSION\u00a0\u00bb _builder_version=\u00a0\u00bb4.19.4&Prime; _module_preset=\u00a0\u00bbdefault\u00a0\u00bb background_color=\u00a0\u00bbRGBA(0,0,0,0)\u00a0\u00bb background_enable_color=\u00a0\u00bbon\u00a0\u00bb hover_enabled=\u00a0\u00bb0&Prime; global_colors_info=\u00a0\u00bb{}\u00a0\u00bb theme_builder_area=\u00a0\u00bbpost_content\u00a0\u00bb sticky_enabled=\u00a0\u00bb0&Prime;]<\/p>\n<p>Offrir des solutions pour les structures en b\u00e9ton qui <strong>aident nos clients \u00e0 am\u00e9liorer l&rsquo;efficacit\u00e9 et la s\u00e9curit\u00e9<\/strong> des projets gr\u00e2ce \u00e0 des services sp\u00e9cialis\u00e9s int\u00e9gr\u00e9s au march\u00e9 mondial, en<strong> innovant et en investissant<\/strong> dans les personnes comme \u00e9l\u00e9ment fondamental de cette activit\u00e9.<\/p>\n<p>[\/et_pb_tab][et_pb_tab title=\u00a0\u00bbVISION \u00a0\u00bb _builder_version=\u00a0\u00bb4.19.4&Prime; _module_preset=\u00a0\u00bbdefault\u00a0\u00bb hover_enabled=\u00a0\u00bb0&Prime; global_colors_info=\u00a0\u00bb{}\u00a0\u00bb theme_builder_area=\u00a0\u00bbpost_content\u00a0\u00bb sticky_enabled=\u00a0\u00bb0&Prime;]<\/p>\n<p><span>Chez Alsina,<\/span><strong><span>\u00a0<\/span>notre vision est bas\u00e9e sur la croissance durable de l&rsquo;entreprise,<\/strong><span>par cons\u00e9quent, nos succursales peuvent offrir les meilleures solutions de coffrage dans toute l&rsquo;Espagne et, progressivement, s&rsquo;\u00e9tendre \u00e0 d&rsquo;autres pays o\u00f9 des solutions pour les structures en b\u00e9ton sont n\u00e9cessaires.<\/span><\/p>\n<p>Conform\u00e9ment \u00e0 l&rsquo;engagement d&rsquo;Alsina en mati\u00e8re de d\u00e9veloppement durable, une s\u00e9rie d&rsquo;objectifs et de processus ont \u00e9t\u00e9 d\u00e9finis pour guider l&rsquo;entreprise vers l&rsquo;objectif de r\u00e9duire son empreinte environnementale. L\u2019un des piliers du d\u00e9veloppement durable d\u2019Alsina est son engagement envers les Objectifs de D\u00e9veloppement Durable (ODD). Voici les principaux ODD auxquels l&rsquo;entreprise contribue :<\/p>\n<ul>\n<li><strong>Industrie, innovation et infrastructures<\/strong><span>\u00a0<\/span>En 2019, Alsina comptait plus de 100 brevets, 87 sous-familles de syst\u00e8mes Alsina et plus de 77 programmes de calcul internes.<\/li>\n<li><strong>Travail d\u00e9cent et croissance \u00e9conomique<\/strong><span>\u00a0<\/span>Alsina dispose de plusieurs programmes visant \u00e0 promouvoir le d\u00e9veloppement professionnel et le bien-\u00eatre de ses travailleurs<\/li>\n<\/ul>\n<p>[\/et_pb_tab][et_pb_tab title=\u00a0\u00bbVALEURS\u00a0\u00bb _builder_version=\u00a0\u00bb4.19.4&Prime; _module_preset=\u00a0\u00bbdefault\u00a0\u00bb hover_enabled=\u00a0\u00bb0&Prime; global_colors_info=\u00a0\u00bb{}\u00a0\u00bb theme_builder_area=\u00a0\u00bbpost_content\u00a0\u00bb sticky_enabled=\u00a0\u00bb0&Prime;]<\/p>\n<p>Nos valeurs se refl\u00e8tent dans chacun de nos produits et services. Toutes les valeurs ci-dessus sont au service de nos clients, notre raison d&rsquo;\u00eatre en tant qu&rsquo;entreprise. Les valeurs qui nous d\u00e9finissent sont :<\/p>\n<ul>\n<li><strong>Int\u00e9grit\u00e9\u00a0:<\/strong><span>\u00a0Nous valorisons l\u2019int\u00e9grit\u00e9 par-dessus tout et cela signifie \u00eatre sinc\u00e8re, honn\u00eate et fid\u00e8le \u00e0 notre parole.<\/span><span>Alsina <strong>dispose d&rsquo;un mod\u00e8le de pr\u00e9vention de la criminalit\u00e9<\/strong> visant \u00e0 identifier les risques potentiels et \u00e0 pr\u00e9venir les comportements contraires \u00e0 l&rsquo;\u00e9thique ou illicites.<\/span><\/li>\n<li><strong>Innovation\u00a0:<\/strong><span>Nous recherchons constamment de nouvelles id\u00e9es et des am\u00e9liorations dans tout ce que nous faisons, afin d&rsquo;\u00eatre utiles \u00e0 nos clients.<\/span>.<\/li>\n<li><strong>Simplicit\u00e9\u00a0:<\/strong><span>\u00a0Nous travaillons naturellement, avec sympathie et humilit\u00e9, sans arrogance ni orgueil.<\/span>.<a href=\"https:\/\/www.alsina.com\/wp-content\/uploads\/2022\/06\/Ficha-Desencofrante-basics-FR.pdf\" target=\"_blank\" rel=\"noopener\"><\/a><\/li>\n<li><strong>Nous respectons profond\u00e9ment tout le monde\u00a0:<\/strong><span>Nous traitons les autres avec consid\u00e9ration<\/span><\/li>\n<li><strong>Engagement\u00a0:<\/strong><span>\u00a0Chez Alsina, nous sommes tous engag\u00e9s et enthousiastes \u00e0 l\u2019\u00e9gard de notre plan d\u2019affaires.<\/span><\/li>\n<li><strong>Productivit\u00e9\u00a0:<\/strong><span>Nous nous effor\u00e7ons de simplifier les processus et la prise de d\u00e9cision.<\/span><\/li>\n<li><strong>Travail d&rsquo;\u00e9quipe\u00a0:<\/strong><span>\u00a0 Le travail d&rsquo;\u00e9quipe exige coordination, confiance, partage, g\u00e9n\u00e9rosit\u00e9 et, surtout, communication et participation, quel que soit le niveau de responsabilit\u00e9 d\u00e9tenu.<\/span><strong style=\"font-size: 14px;\"><\/strong><\/li>\n<\/ul>\n<p>[\/et_pb_tab][\/et_pb_tabs][\/et_pb_column][\/et_pb_row][\/et_pb_section][et_pb_section fb_built=\u00a0\u00bb1&Prime; admin_label=\u00a0\u00bbPopup &#8211; #al-contact\u00a0\u00bb module_id=\u00a0\u00bbal-contact\u00a0\u00bb module_class=\u00a0\u00bbpopup no-close\u00a0\u00bb _builder_version=\u00a0\u00bb4.14.8&Prime; _module_preset=\u00a0\u00bbdefault\u00a0\u00bb width=\u00a0\u00bb60%\u00a0\u00bb module_alignment=\u00a0\u00bbcenter\u00a0\u00bb custom_padding=\u00a0\u00bb40px|40px|40px|40px|false|false\u00a0\u00bb da_is_popup=\u00a0\u00bbon\u00a0\u00bb da_popup_slug=\u00a0\u00bbal-contact\u00a0\u00bb da_has_close=\u00a0\u00bboff\u00a0\u00bb da_disable_devices=\u00a0\u00bboff|off|off\u00a0\u00bb border_radii=\u00a0\u00bbon|40px|40px|40px|40px\u00a0\u00bb global_module=\u00a0\u00bb2707&Prime; global_colors_info=\u00a0\u00bb{}\u00a0\u00bb theme_builder_area=\u00a0\u00bbpost_content\u00a0\u00bb da_exit_intent=\u00a0\u00bboff\u00a0\u00bb da_alt_close=\u00a0\u00bboff\u00a0\u00bb da_dark_close=\u00a0\u00bboff\u00a0\u00bb da_not_modal=\u00a0\u00bbon\u00a0\u00bb da_is_singular=\u00a0\u00bboff\u00a0\u00bb da_with_loader=\u00a0\u00bboff\u00a0\u00bb da_has_shadow=\u00a0\u00bbon\u00a0\u00bb][et_pb_row use_custom_gutter=\u00a0\u00bbon\u00a0\u00bb gutter_width=\u00a0\u00bb1&Prime; _builder_version=\u00a0\u00bb4.16&Prime; _module_preset=\u00a0\u00bbdefault\u00a0\u00bb width=\u00a0\u00bb100%\u00a0\u00bb max_width=\u00a0\u00bb2560px\u00a0\u00bb custom_margin=\u00a0\u00bb0px|0px|0px|0px|false|false\u00a0\u00bb custom_padding=\u00a0\u00bb0px|0px|0px|0px|false|false\u00a0\u00bb global_colors_info=\u00a0\u00bb{}\u00a0\u00bb theme_builder_area=\u00a0\u00bbpost_content\u00a0\u00bb][et_pb_column type=\u00a0\u00bb4_4&Prime; _builder_version=\u00a0\u00bb4.16&Prime; _module_preset=\u00a0\u00bbdefault\u00a0\u00bb global_colors_info=\u00a0\u00bb{}\u00a0\u00bb theme_builder_area=\u00a0\u00bbpost_content\u00a0\u00bb][et_pb_text _builder_version=\u00a0\u00bb4.19.4&Prime; _module_preset=\u00a0\u00bbdefault\u00a0\u00bb custom_padding=\u00a0\u00bb20px||40px||false|false\u00a0\u00bb hover_enabled=\u00a0\u00bb0&Prime; global_colors_info=\u00a0\u00bb{}\u00a0\u00bb theme_builder_area=\u00a0\u00bbpost_content\u00a0\u00bb sticky_enabled=\u00a0\u00bb0&Prime;]<\/p>\n<h2 style=\"text-align: center;\">Veuillez nous fournir votre nom et votre adresse e-mail et nous vous r\u00e9pondrons.<\/h2>\n<p>[\/et_pb_text][et_pb_code _builder_version=\u00a0\u00bb4.19.4&Prime; _module_preset=\u00a0\u00bbdefault\u00a0\u00bb global_colors_info=\u00a0\u00bb{}\u00a0\u00bb theme_builder_area=\u00a0\u00bbpost_content\u00a0\u00bb]<div class=\"wpcf7 no-js\" id=\"wpcf7-f3967-o1\" lang=\"es-ES\" dir=\"ltr\">\n<div class=\"screen-reader-response\"><p role=\"status\" aria-live=\"polite\" aria-atomic=\"true\"><\/p> <ul><\/ul><\/div>\n<form action=\"\/fr\/wp-json\/wp\/v2\/pages\/7304#wpcf7-f3967-o1\" method=\"post\" class=\"wpcf7-form init\" aria-label=\"Formulario de contacto\" novalidate=\"novalidate\" data-status=\"init\">\n<div style=\"display: none;\">\n<input type=\"hidden\" name=\"_wpcf7\" value=\"3967\" \/>\n<input type=\"hidden\" name=\"_wpcf7_version\" value=\"5.7.2\" \/>\n<input type=\"hidden\" name=\"_wpcf7_locale\" value=\"es_ES\" \/>\n<input type=\"hidden\" name=\"_wpcf7_unit_tag\" value=\"wpcf7-f3967-o1\" \/>\n<input type=\"hidden\" name=\"_wpcf7_container_post\" value=\"0\" \/>\n<input type=\"hidden\" name=\"_wpcf7_posted_data_hash\" value=\"\" \/>\n<\/div>\n<div class=\"al-input-group\">\n\t<div class=\"al-input al-padding-right\" id=\"contact-form-name-div\">\n\t\t<p><span class=\"wpcf7-form-control-wrap\" data-name=\"contactname\"><input size=\"40\" class=\"wpcf7-form-control wpcf7-text wpcf7-validates-as-required\" aria-required=\"true\" aria-invalid=\"false\" placeholder=\"Nombre\" value=\"\" type=\"text\" name=\"contactname\" \/><\/span>\n\t\t<\/p>\n\t<\/div>\n\t<div class=\"al-input al-padding-left\" id=\"contact-form-email-div\">\n\t\t<p><span class=\"wpcf7-form-control-wrap\" data-name=\"email\"><input size=\"40\" class=\"wpcf7-form-control wpcf7-text wpcf7-email wpcf7-validates-as-required wpcf7-validates-as-email\" aria-required=\"true\" aria-invalid=\"false\" placeholder=\"Correo electr\u00f3nico\" value=\"\" type=\"email\" name=\"email\" \/><\/span>\n\t\t<\/p>\n\t<\/div>\n<\/div>\n<div class=\"al-legal\">\n\t<p><span class=\"wpcf7-form-control-wrap\" data-name=\"legal\"><span class=\"wpcf7-form-control wpcf7-acceptance\"><span class=\"wpcf7-list-item\"><label><input type=\"checkbox\" name=\"legal\" value=\"1\" aria-invalid=\"false\" \/><span class=\"wpcf7-list-item-label\">He le\u00eddo y acepto la <a href=\"\/politica-de-privacidad\" target=\"_blank\" rel=\"noopener\">Pol\u00edtica de privacidad<\/a><\/span><\/label><\/span><\/span><\/span>\n\t<\/p>\n<\/div>\n<div class=\"al-submit\">\n\t<p><input class=\"wpcf7-form-control has-spinner wpcf7-submit\" type=\"submit\" value=\"Enviar\" \/>\n\t<\/p>\n<\/div><div class=\"wpcf7-response-output\" aria-hidden=\"true\"><\/div><\/form><\/div><!-- [et_pb_line_break_holder] -->        <!-- [et_pb_line_break_holder] -->    <!-- [et_pb_line_break_holder] --><!-- [et_pb_line_break_holder] --><!-- [et_pb_line_break_holder] -->\t\t\t\t\t[\/et_pb_code][\/et_pb_column][\/et_pb_row][\/et_pb_section]<\/p>\n","protected":false},"excerpt":{"rendered":"<p>D\u00e9couvrez les solutions que nous pouvons vous proposer. Contactez-nous ! Plus de 5 000 projets \u00e0 travers le monde nous soutiennent !MISSION, VISION ET VALEURS &nbsp;En raison des racines familiales sur lesquelles repose cette entreprise, nous nous effor\u00e7ons de rester fid\u00e8les \u00e0 la conduite \u00e9thique et morale de notre fondateur, M. Juan Alsina Albareda, et [&hellip;]<\/p>\n","protected":false},"author":1,"featured_media":0,"parent":7274,"menu_order":0,"comment_status":"closed","ping_status":"closed","template":"","meta":{"_et_pb_use_builder":"on","_et_pb_old_content":"","_et_gb_content_width":"","footnotes":""},"class_list":["post-7304","page","type-page","status-publish","hentry"],"_links":{"self":[{"href":"https:\/\/presentacionproductosalsina.com\/fr\/wp-json\/wp\/v2\/pages\/7304","targetHints":{"allow":["GET"]}}],"collection":[{"href":"https:\/\/presentacionproductosalsina.com\/fr\/wp-json\/wp\/v2\/pages"}],"about":[{"href":"https:\/\/presentacionproductosalsina.com\/fr\/wp-json\/wp\/v2\/types\/page"}],"author":[{"embeddable":true,"href":"https:\/\/presentacionproductosalsina.com\/fr\/wp-json\/wp\/v2\/users\/1"}],"replies":[{"embeddable":true,"href":"https:\/\/presentacionproductosalsina.com\/fr\/wp-json\/wp\/v2\/comments?post=7304"}],"version-history":[{"count":31,"href":"https:\/\/presentacionproductosalsina.com\/fr\/wp-json\/wp\/v2\/pages\/7304\/revisions"}],"predecessor-version":[{"id":7808,"href":"https:\/\/presentacionproductosalsina.com\/fr\/wp-json\/wp\/v2\/pages\/7304\/revisions\/7808"}],"up":[{"embeddable":true,"href":"https:\/\/presentacionproductosalsina.com\/fr\/wp-json\/wp\/v2\/pages\/7274"}],"wp:attachment":[{"href":"https:\/\/presentacionproductosalsina.com\/fr\/wp-json\/wp\/v2\/media?parent=7304"}],"curies":[{"name":"wp","href":"https:\/\/api.w.org\/{rel}","templated":true}]}}