{"id":7292,"date":"2025-01-11T15:59:31","date_gmt":"2025-01-11T14:59:31","guid":{"rendered":"https:\/\/kiosk.alsina.com\/encofrados-j-alsina\/histoire\/"},"modified":"2025-03-03T17:17:58","modified_gmt":"2025-03-03T16:17:58","slug":"histoire","status":"publish","type":"page","link":"https:\/\/presentacionproductosalsina.com\/fr\/encofrados-j-alsina\/histoire\/","title":{"rendered":"HISTOIRE"},"content":{"rendered":"<p>[et_pb_section fb_built=\u00a0\u00bb1&Prime; admin_label=\u00a0\u00bbSection\u00a0\u00bb module_class=\u00a0\u00bbalsina-prod\u00a0\u00bb _builder_version=\u00a0\u00bb4.19.4&Prime; _module_preset=\u00a0\u00bbdefault\u00a0\u00bb use_background_color_gradient=\u00a0\u00bbon\u00a0\u00bb background_color_gradient_direction=\u00a0\u00bb120deg\u00a0\u00bb background_color_gradient_stops=\u00a0\u00bb#ffffff 0%|#eeeeee 100%\u00a0\u00bb background_color_gradient_start=\u00a0\u00bb#ffffff\u00a0\u00bb background_color_gradient_end=\u00a0\u00bb#eeeeee\u00a0\u00bb height=\u00a0\u00bb100vh\u00a0\u00bb custom_margin=\u00a0\u00bb||||false|false\u00a0\u00bb custom_padding=\u00a0\u00bb||||false|false\u00a0\u00bb da_disable_devices=\u00a0\u00bboff|off|off\u00a0\u00bb global_colors_info=\u00a0\u00bb{}\u00a0\u00bb theme_builder_area=\u00a0\u00bbpost_content\u00a0\u00bb da_is_popup=\u00a0\u00bboff\u00a0\u00bb da_exit_intent=\u00a0\u00bboff\u00a0\u00bb da_has_close=\u00a0\u00bbon\u00a0\u00bb da_alt_close=\u00a0\u00bboff\u00a0\u00bb da_dark_close=\u00a0\u00bboff\u00a0\u00bb da_not_modal=\u00a0\u00bbon\u00a0\u00bb da_is_singular=\u00a0\u00bboff\u00a0\u00bb da_with_loader=\u00a0\u00bboff\u00a0\u00bb da_has_shadow=\u00a0\u00bbon\u00a0\u00bb][et_pb_row column_structure=\u00a0\u00bb1_2,1_2&Prime; use_custom_gutter=\u00a0\u00bbon\u00a0\u00bb gutter_width=\u00a0\u00bb2&Prime; _builder_version=\u00a0\u00bb4.19.4&Prime; _module_preset=\u00a0\u00bbdefault\u00a0\u00bb width=\u00a0\u00bb90%\u00a0\u00bb max_width=\u00a0\u00bb2560px\u00a0\u00bb custom_margin=\u00a0\u00bb32px||||false|false\u00a0\u00bb custom_padding=\u00a0\u00bb33px||||false|false\u00a0\u00bb global_colors_info=\u00a0\u00bb{}\u00a0\u00bb theme_builder_area=\u00a0\u00bbpost_content\u00a0\u00bb][et_pb_column type=\u00a0\u00bb1_2&Prime; _builder_version=\u00a0\u00bb4.16&Prime; _module_preset=\u00a0\u00bbdefault\u00a0\u00bb global_colors_info=\u00a0\u00bb{}\u00a0\u00bb theme_builder_area=\u00a0\u00bbpost_content\u00a0\u00bb][et_pb_slider use_bg_overlay=\u00a0\u00bbon\u00a0\u00bb bg_overlay_color=\u00a0\u00bb#FFFFFF\u00a0\u00bb arrows_custom_color=\u00a0\u00bb#8F8F8F\u00a0\u00bb dot_nav_custom_color=\u00a0\u00bb#B3B3B3&Prime; _builder_version=\u00a0\u00bb4.19.4&Prime; _module_preset=\u00a0\u00bbdefault\u00a0\u00bb header_text_color=\u00a0\u00bbRGBA(255,255,255,0)\u00a0\u00bb body_text_color=\u00a0\u00bbRGBA(255,255,255,0)\u00a0\u00bb background_color=\u00a0\u00bbRGBA(255,255,255,0)\u00a0\u00bb height=\u00a0\u00bb540px\u00a0\u00bb border_color_all_image=\u00a0\u00bbRGBA(255,255,255,0)\u00a0\u00bb box_shadow_style=\u00a0\u00bbpreset3&Prime; box_shadow_color=\u00a0\u00bb#6B6B6B\u00a0\u00bb text_shadow_style=\u00a0\u00bbpreset3&Prime; text_shadow_color=\u00a0\u00bbRGBA(255,255,255,0)\u00a0\u00bb global_colors_info=\u00a0\u00bb{}\u00a0\u00bb theme_builder_area=\u00a0\u00bbpost_content\u00a0\u00bb][et_pb_slide heading=\u00a0\u00bbEn el a\u00f1o 1950 D. Joan Alsina Albareda funda Maderas Alsina.\u00a0\u00bb image=\u00a0\u00bbhttps:\/\/presentacionproductosalsina.com\/wp-content\/uploads\/2025\/01\/1950-1024&#215;768-1.jpg\u00a0\u00bb _builder_version=\u00a0\u00bb4.19.4&Prime; _module_preset=\u00a0\u00bbdefault\u00a0\u00bb global_colors_info=\u00a0\u00bb{}\u00a0\u00bb sticky_transition=\u00a0\u00bbon\u00a0\u00bb theme_builder_area=\u00a0\u00bbpost_content\u00a0\u00bb][\/et_pb_slide][et_pb_slide heading=\u00a0\u00bbJoan Alsina\u00a0\u00bb image=\u00a0\u00bbhttps:\/\/presentacionproductosalsina.com\/wp-content\/uploads\/2025\/01\/Imagen-portada-Historia.jpg\u00a0\u00bb _builder_version=\u00a0\u00bb4.19.4&Prime; _module_preset=\u00a0\u00bbdefault\u00a0\u00bb global_colors_info=\u00a0\u00bb{}\u00a0\u00bb sticky_transition=\u00a0\u00bbon\u00a0\u00bb theme_builder_area=\u00a0\u00bbpost_content\u00a0\u00bb][\/et_pb_slide][et_pb_slide heading=\u00a0\u00bba\u00f1os 60&Prime; image=\u00a0\u00bbhttps:\/\/presentacionproductosalsina.com\/wp-content\/uploads\/2025\/02\/60-1024&#215;968-1.jpg\u00a0\u00bb _builder_version=\u00a0\u00bb4.19.4&Prime; _module_preset=\u00a0\u00bbdefault\u00a0\u00bb global_colors_info=\u00a0\u00bb{}\u00a0\u00bb sticky_transition=\u00a0\u00bbon\u00a0\u00bb theme_builder_area=\u00a0\u00bbpost_content\u00a0\u00bb][\/et_pb_slide][et_pb_slide heading=\u00a0\u00bbencofrados Alsina\u00a0\u00bb image=\u00a0\u00bbhttps:\/\/presentacionproductosalsina.com\/wp-content\/uploads\/2025\/02\/alsina-logo.png\u00a0\u00bb _builder_version=\u00a0\u00bb4.19.4&Prime; _module_preset=\u00a0\u00bbdefault\u00a0\u00bb global_colors_info=\u00a0\u00bb{}\u00a0\u00bb sticky_transition=\u00a0\u00bbon\u00a0\u00bb theme_builder_area=\u00a0\u00bbpost_content\u00a0\u00bb][\/et_pb_slide][et_pb_slide heading=\u00a0\u00bba\u00f1os 80&Prime; image=\u00a0\u00bbhttps:\/\/presentacionproductosalsina.com\/wp-content\/uploads\/2025\/02\/90a-1024&#215;693-1.jpg\u00a0\u00bb _builder_version=\u00a0\u00bb4.19.4&Prime; _module_preset=\u00a0\u00bbdefault\u00a0\u00bb global_colors_info=\u00a0\u00bb{}\u00a0\u00bb sticky_transition=\u00a0\u00bbon\u00a0\u00bb theme_builder_area=\u00a0\u00bbpost_content\u00a0\u00bb][\/et_pb_slide][et_pb_slide heading=\u00a0\u00bba\u00f1os 90&Prime; image=\u00a0\u00bbhttps:\/\/presentacionproductosalsina.com\/wp-content\/uploads\/2025\/02\/90b-1024&#215;683-1.jpg\u00a0\u00bb _builder_version=\u00a0\u00bb4.19.4&Prime; _module_preset=\u00a0\u00bbdefault\u00a0\u00bb global_colors_info=\u00a0\u00bb{}\u00a0\u00bb sticky_transition=\u00a0\u00bbon\u00a0\u00bb theme_builder_area=\u00a0\u00bbpost_content\u00a0\u00bb][\/et_pb_slide][et_pb_slide heading=\u00a0\u00bba\u00f1os 2000&Prime; image=\u00a0\u00bbhttps:\/\/presentacionproductosalsina.com\/wp-content\/uploads\/2025\/02\/grupo-alsina-60-anos.jpg\u00a0\u00bb _builder_version=\u00a0\u00bb4.19.4&Prime; _module_preset=\u00a0\u00bbdefault\u00a0\u00bb global_colors_info=\u00a0\u00bb{}\u00a0\u00bb sticky_transition=\u00a0\u00bbon\u00a0\u00bb theme_builder_area=\u00a0\u00bbpost_content\u00a0\u00bb][\/et_pb_slide][et_pb_slide heading=\u00a0\u00bba\u00f1os 2010&Prime; image=\u00a0\u00bbhttps:\/\/presentacionproductosalsina.com\/wp-content\/uploads\/2025\/02\/grupo-alsina-2010-1.jpg\u00a0\u00bb _builder_version=\u00a0\u00bb4.19.4&Prime; _module_preset=\u00a0\u00bbdefault\u00a0\u00bb global_colors_info=\u00a0\u00bb{}\u00a0\u00bb sticky_transition=\u00a0\u00bbon\u00a0\u00bb theme_builder_area=\u00a0\u00bbpost_content\u00a0\u00bb][\/et_pb_slide][et_pb_slide heading=\u00a0\u00bba\u00f1os 2020&Prime; image=\u00a0\u00bbhttps:\/\/presentacionproductosalsina.com\/wp-content\/uploads\/2025\/01\/about-alsina-team-1.jpg\u00a0\u00bb _builder_version=\u00a0\u00bb4.19.4&Prime; _module_preset=\u00a0\u00bbdefault\u00a0\u00bb global_colors_info=\u00a0\u00bb{}\u00a0\u00bb sticky_transition=\u00a0\u00bbon\u00a0\u00bb theme_builder_area=\u00a0\u00bbpost_content\u00a0\u00bb][\/et_pb_slide][\/et_pb_slider][et_pb_divider show_divider=\u00a0\u00bboff\u00a0\u00bb _builder_version=\u00a0\u00bb4.19.4&Prime; _module_preset=\u00a0\u00bbdefault\u00a0\u00bb custom_margin=\u00a0\u00bb3em||3em||false|false\u00a0\u00bb global_colors_info=\u00a0\u00bb{}\u00a0\u00bb theme_builder_area=\u00a0\u00bbpost_content\u00a0\u00bb][\/et_pb_divider][et_pb_image src=\u00a0\u00bbhttps:\/\/presentacionproductosalsina.com\/wp-content\/uploads\/2021\/11\/PEDRO-horitontales-2-thegem-person-160.jpg\u00a0\u00bb title_text=\u00a0\u00bbPEDRO-horitontales-2-thegem-person-160&Prime; admin_label=\u00a0\u00bbImagen\u00a0\u00bb _builder_version=\u00a0\u00bb4.19.4&Prime; _module_preset=\u00a0\u00bbdefault\u00a0\u00bb transform_translate=\u00a0\u00bb0px|70px\u00a0\u00bb transform_translate_linked=\u00a0\u00bboff\u00a0\u00bb z_index=\u00a0\u00bb10&Prime; width=\u00a0\u00bb100px\u00a0\u00bb module_alignment=\u00a0\u00bbcenter\u00a0\u00bb custom_margin=\u00a0\u00bb-200px||||false|false\u00a0\u00bb border_radii=\u00a0\u00bbon|100px|100px|100px|100px\u00a0\u00bb box_shadow_style=\u00a0\u00bbpreset1&Prime; box_shadow_color=\u00a0\u00bbrgba(0,0,0,0.1)\u00a0\u00bb global_colors_info=\u00a0\u00bb{}\u00a0\u00bb theme_builder_area=\u00a0\u00bbpost_content\u00a0\u00bb][\/et_pb_image][et_pb_text _builder_version=\u00a0\u00bb4.19.4&Prime; _module_preset=\u00a0\u00bbdefault\u00a0\u00bb text_font_size=\u00a0\u00bb16px\u00a0\u00bb text_line_height=\u00a0\u00bb1em\u00a0\u00bb background_color=\u00a0\u00bb#FFFFFF\u00a0\u00bb width=\u00a0\u00bb400px\u00a0\u00bb custom_margin=\u00a0\u00bb|auto||auto|false|false\u00a0\u00bb custom_padding=\u00a0\u00bb64px|30px|50px|30px|false|true\u00a0\u00bb hover_enabled=\u00a0\u00bb0&Prime; border_radii=\u00a0\u00bbon|20px|20px|20px|20px\u00a0\u00bb box_shadow_style=\u00a0\u00bbpreset3&Prime; box_shadow_blur=\u00a0\u00bb30px\u00a0\u00bb box_shadow_color=\u00a0\u00bbrgba(0,0,0,0.1)\u00a0\u00bb global_colors_info=\u00a0\u00bb{}\u00a0\u00bb theme_builder_area=\u00a0\u00bbpost_content\u00a0\u00bb sticky_enabled=\u00a0\u00bb0&Prime;]<\/p>\n<p style=\"text-align: center;\"><strong>D\u00e9couvrez les solutions que nous pouvons vous proposer. Contactez-nous !<\/strong><\/p>\n<p style=\"text-align: center;\">Plus de 5 000 projets \u00e0 travers le monde nous soutiennent !<\/p>\n<p>[\/et_pb_text][et_pb_button button_url=\u00a0\u00bb#al-contact\u00a0\u00bb button_text=\u00a0\u00bbContact\u00a0\u00bb button_alignment=\u00a0\u00bbcenter\u00a0\u00bb _builder_version=\u00a0\u00bb4.19.4&Prime; _module_preset=\u00a0\u00bbdefault\u00a0\u00bb transform_translate=\u00a0\u00bb0px|-55px\u00a0\u00bb transform_translate_linked=\u00a0\u00bboff\u00a0\u00bb hover_enabled=\u00a0\u00bb0&Prime; global_colors_info=\u00a0\u00bb{}\u00a0\u00bb theme_builder_area=\u00a0\u00bbpost_content\u00a0\u00bb sticky_enabled=\u00a0\u00bb0&Prime;][\/et_pb_button][\/et_pb_column][et_pb_column type=\u00a0\u00bb1_2&Prime; _builder_version=\u00a0\u00bb4.16&Prime; _module_preset=\u00a0\u00bbdefault\u00a0\u00bb global_colors_info=\u00a0\u00bb{}\u00a0\u00bb theme_builder_area=\u00a0\u00bbpost_content\u00a0\u00bb][et_pb_text _builder_version=\u00a0\u00bb4.19.4&Prime; _module_preset=\u00a0\u00bbdefault\u00a0\u00bb text_font_size=\u00a0\u00bb16px\u00a0\u00bb header_font=\u00a0\u00bb|800|||||||\u00a0\u00bb header_font_size=\u00a0\u00bb60px\u00a0\u00bb custom_margin=\u00a0\u00bb||2px|||\u00a0\u00bb custom_padding=\u00a0\u00bb||0px|||\u00a0\u00bb global_colors_info=\u00a0\u00bb{}\u00a0\u00bb theme_builder_area=\u00a0\u00bbpost_content\u00a0\u00bb]<\/p>\n<h1>HISTOIRE<\/h1>\n<p>&nbsp;<\/p>\n<p>[\/et_pb_text][et_pb_text _builder_version=\u00a0\u00bb4.19.4&Prime; _module_preset=\u00a0\u00bbdefault\u00a0\u00bb text_font_size=\u00a0\u00bb16px\u00a0\u00bb header_font=\u00a0\u00bb|800|||||||\u00a0\u00bb header_font_size=\u00a0\u00bb60px\u00a0\u00bb hover_enabled=\u00a0\u00bb0&Prime; global_colors_info=\u00a0\u00bb{}\u00a0\u00bb theme_builder_area=\u00a0\u00bbpost_content\u00a0\u00bb sticky_enabled=\u00a0\u00bb0&Prime;]Depuis pr\u00e8s de 70 ans depuis notre fondation et sur la base du principe de fournir un service sp\u00e9cialis\u00e9 et direct sur le march\u00e9 international, nous avons d\u00e9velopp\u00e9 un vaste r\u00e9seau de filiales \u00e0 travers le monde pour r\u00e9pondre aux besoins de nos clients.<\/p>\n<p>Nos syst\u00e8mes ont \u00e9volu\u00e9 parall\u00e8lement \u00e0 notre expansion internationale, pour s\u2019adapter aux caract\u00e9ristiques de toutes les cultures et de tous les march\u00e9s o\u00f9 nous sommes pr\u00e9sents.[\/et_pb_text][et_pb_tabs active_tab_background_color=\u00a0\u00bbRGBA(0,0,0,0)\u00a0\u00bb inactive_tab_background_color=\u00a0\u00bbRGBA(0,0,0,0)\u00a0\u00bb active_tab_text_color=\u00a0\u00bb#000000&Prime; module_class=\u00a0\u00bbal-tabs\u00a0\u00bb _builder_version=\u00a0\u00bb4.19.4&Prime; _module_preset=\u00a0\u00bbdefault\u00a0\u00bb tab_text_color=\u00a0\u00bb#888888&Prime; tab_font=\u00a0\u00bb|800||on|||||\u00a0\u00bb tab_font_size=\u00a0\u00bb14px\u00a0\u00bb tab_letter_spacing=\u00a0\u00bb1px\u00a0\u00bb background_color=\u00a0\u00bbRGBA(0,0,0,0)\u00a0\u00bb custom_padding=\u00a0\u00bb|||0px|false|false\u00a0\u00bb hover_enabled=\u00a0\u00bb0&Prime; border_width_all=\u00a0\u00bb0px\u00a0\u00bb border_color_all=\u00a0\u00bb#ffffff\u00a0\u00bb global_colors_info=\u00a0\u00bb{}\u00a0\u00bb theme_builder_area=\u00a0\u00bbpost_content\u00a0\u00bb sticky_enabled=\u00a0\u00bb0&Prime;][et_pb_tab title=\u00a0\u00bb50-60&Prime; _builder_version=\u00a0\u00bb4.19.4&Prime; _module_preset=\u00a0\u00bbdefault\u00a0\u00bb background_color=\u00a0\u00bbRGBA(0,0,0,0)\u00a0\u00bb background_enable_color=\u00a0\u00bbon\u00a0\u00bb hover_enabled=\u00a0\u00bb0&Prime; global_colors_info=\u00a0\u00bb{}\u00a0\u00bb theme_builder_area=\u00a0\u00bbpost_content\u00a0\u00bb sticky_enabled=\u00a0\u00bb0&Prime;]En 1950, M. Joan Alsina Albareda fonde Maderas Alsina, un entrep\u00f4t de bois pour charpentiers.<\/p>\n<p><strong><em>\u00ab Alsina a \u00e9t\u00e9 fond\u00e9e avec un capital de 150 \u20ac \u00e0 l\u2019\u00e9poque. Le premier jour d&rsquo;activit\u00e9, le chiffre d&rsquo;affaires a \u00e9t\u00e9 de 83 pesetas (\u00e9quivalent \u00e0 0,5 \u20ac) en trois ventes.[\/et_pb_tab][et_pb_tab title=\u00a0\u00bb60-70&Prime; _builder_version=\u00a0\u00bb4.19.4&Prime; _module_preset=\u00a0\u00bbdefault\u00a0\u00bb hover_enabled=\u00a0\u00bb0&Prime; global_colors_info=\u00a0\u00bb{}\u00a0\u00bb theme_builder_area=\u00a0\u00bbpost_content\u00a0\u00bb sticky_enabled=\u00a0\u00bb0&Prime;]Maderas Alsina se tourne vers la construction et commence \u00e0 voir les possibilit\u00e9s du coffrage r\u00e9cup\u00e9rable<\/p>\n<p><strong><em>\u00ab En 1970, Alsina a brevet\u00e9 la plaque Alisan, qui existe depuis 50 ans. Aujourd\u2019hui, nous disposons de plus de 77 brevets et mod\u00e8les d\u2019utilit\u00e9. \u00bb<\/em><\/strong>[\/et_pb_tab][et_pb_tab title=\u00a0\u00bb70-80&Prime; _builder_version=\u00a0\u00bb4.19.4&Prime; _module_preset=\u00a0\u00bbdefault\u00a0\u00bb hover_enabled=\u00a0\u00bb0&Prime; global_colors_info=\u00a0\u00bb{}\u00a0\u00bb theme_builder_area=\u00a0\u00bbpost_content\u00a0\u00bb sticky_enabled=\u00a0\u00bb0&Prime;]Encofrados Alsina na\u00eet comme activit\u00e9 parall\u00e8le \u00e0 Maderas Alsina, distribuant des syst\u00e8mes de coffrage ext\u00e9rieur et des panneaux Alisan<\/p>\n<p><em><strong>En 1970, Alsina a brevet\u00e9 la plaque Alisan, qui existe depuis 50 ans et compte aujourd&rsquo;hui 77 brevets et mod\u00e8les d&rsquo;utilit\u00e9<\/strong><\/em>[\/et_pb_tab][et_pb_tab title=\u00a0\u00bb80-90&Prime; _builder_version=\u00a0\u00bb4.19.4&Prime; _module_preset=\u00a0\u00bbdefault\u00a0\u00bb hover_enabled=\u00a0\u00bb0&Prime; global_colors_info=\u00a0\u00bb{}\u00a0\u00bb theme_builder_area=\u00a0\u00bbpost_content\u00a0\u00bb sticky_enabled=\u00a0\u00bb0&Prime;]<\/p>\n<p>Alsina Coffrages commence \u00e0 concevoir et \u00e0 fabriquer ses propres coffrages. La famille Mecano Alisan serait le premier d&rsquo;une longue s\u00e9rie de syst\u00e8mes<\/p>\n<p><em><strong>Alsina a invent\u00e9 le Mecano Alisan, son premier syst\u00e8me de coffrage, et poss\u00e8de aujourd&rsquo;hui plus de 70 syst\u00e8mes propres<\/strong><\/em><\/p>\n<p>[\/et_pb_tab][et_pb_tab title=\u00a0\u00bb90-2000&Prime; _builder_version=\u00a0\u00bb4.19.4&Prime; _module_preset=\u00a0\u00bbdefault\u00a0\u00bb hover_enabled=\u00a0\u00bb0&Prime; global_colors_info=\u00a0\u00bb{}\u00a0\u00bb theme_builder_area=\u00a0\u00bbpost_content\u00a0\u00bb sticky_enabled=\u00a0\u00bb0&Prime;]<\/p>\n<p>L&rsquo;introduction de la CAO, de la R&amp;D et du Marketing, ainsi qu&rsquo;une grande \u00e9quipe commerciale, ont positionn\u00e9 Alsina comme une r\u00e9f\u00e9rence dans la construction de logements en Espagne.<\/p>\n<p><em><strong>\u00ab Alsina a c\u00e9l\u00e9br\u00e9 son 50e anniversaire en organisant un d\u00eener pour 2 500 personnes et s\u2019est fix\u00e9 comme objectif d\u2019\u00eatre pr\u00e9sente dans 10 pays et d\u2019\u00eatre la dixi\u00e8me entreprise au monde en 10 ans \u00bb<\/strong><\/em><\/p>\n<p>[\/et_pb_tab][et_pb_tab title=\u00a0\u00bb2000-2010&Prime; _builder_version=\u00a0\u00bb4.19.4&Prime; _module_preset=\u00a0\u00bbdefault\u00a0\u00bb hover_enabled=\u00a0\u00bb0&Prime; global_colors_info=\u00a0\u00bb{}\u00a0\u00bb theme_builder_area=\u00a0\u00bbpost_content\u00a0\u00bb sticky_enabled=\u00a0\u00bb0&Prime;]<\/p>\n<p>Alsina s&rsquo;engage \u00e0 \u00e9largir son activit\u00e9 vers le g\u00e9nie civil et \u00e0 \u00eatre pr\u00e9sente en Europe, en Afrique et en Am\u00e9rique.<\/p>\n<p><strong><em>\u00ab \u00c0 ce stade, l\u2019entreprise grandissait \u00e0 un rythme d\u2019un nouveau pays par an, ce qui repr\u00e9sentait un grand d\u00e9fi pour toute l\u2019\u00e9quipe d\u2019Alsina \u00bb<\/em><\/strong><\/p>\n<p>[\/et_pb_tab][et_pb_tab title=\u00a0\u00bb2010-2020&Prime; _builder_version=\u00a0\u00bb4.19.4&Prime; _module_preset=\u00a0\u00bbdefault\u00a0\u00bb hover_enabled=\u00a0\u00bb0&Prime; global_colors_info=\u00a0\u00bb{}\u00a0\u00bb theme_builder_area=\u00a0\u00bbpost_content\u00a0\u00bb sticky_enabled=\u00a0\u00bb0&Prime;]Alsina finalise son plan d&rsquo;expansion et se positionne comme une r\u00e9f\u00e9rence mondiale dans le secteur du coffrage<\/p>\n<p><strong><em>\u00ab Alsina atteint son objectif et consolide son expansion internationale avec sa propre pr\u00e9sence dans 33 succursales dans 17 pays \u00bb<\/em><\/strong>[\/et_pb_tab][et_pb_tab title=\u00a0\u00bb2020-pr\u00e9sent\u00a0\u00bb _builder_version=\u00a0\u00bb4.19.4&Prime; _module_preset=\u00a0\u00bbdefault\u00a0\u00bb hover_enabled=\u00a0\u00bb0&Prime; global_colors_info=\u00a0\u00bb{}\u00a0\u00bb theme_builder_area=\u00a0\u00bbpost_content\u00a0\u00bb sticky_enabled=\u00a0\u00bb0&Prime;]Quel est le prochain d\u00e9fi pour Alsina ? Digitalisation, Attirance des Talents, Efficacit\u00e9, Solidarit\u00e9, Humanit\u00e9, etc\u2026 quoi qu\u2019il en soit, nous y parviendrons s\u00fbrement !!<\/p>\n<p><em><strong>Ensemble, nous sommes beaucoup plus forts et nous pouvons r\u00e9aliser tout ce que nous entreprenons<\/strong><\/em>[\/et_pb_tab][\/et_pb_tabs][\/et_pb_column][\/et_pb_row][\/et_pb_section][et_pb_section fb_built=\u00a0\u00bb1&Prime; admin_label=\u00a0\u00bbPopup &#8211; #al-contact\u00a0\u00bb module_id=\u00a0\u00bbal-contact\u00a0\u00bb module_class=\u00a0\u00bbpopup no-close\u00a0\u00bb _builder_version=\u00a0\u00bb4.14.8&Prime; _module_preset=\u00a0\u00bbdefault\u00a0\u00bb width=\u00a0\u00bb60%\u00a0\u00bb module_alignment=\u00a0\u00bbcenter\u00a0\u00bb custom_padding=\u00a0\u00bb40px|40px|40px|40px|false|false\u00a0\u00bb da_is_popup=\u00a0\u00bbon\u00a0\u00bb da_popup_slug=\u00a0\u00bbal-contact\u00a0\u00bb da_has_close=\u00a0\u00bboff\u00a0\u00bb da_disable_devices=\u00a0\u00bboff|off|off\u00a0\u00bb border_radii=\u00a0\u00bbon|40px|40px|40px|40px\u00a0\u00bb global_module=\u00a0\u00bb2707&Prime; global_colors_info=\u00a0\u00bb{}\u00a0\u00bb theme_builder_area=\u00a0\u00bbpost_content\u00a0\u00bb da_exit_intent=\u00a0\u00bboff\u00a0\u00bb da_alt_close=\u00a0\u00bboff\u00a0\u00bb da_dark_close=\u00a0\u00bboff\u00a0\u00bb da_not_modal=\u00a0\u00bbon\u00a0\u00bb da_is_singular=\u00a0\u00bboff\u00a0\u00bb da_with_loader=\u00a0\u00bboff\u00a0\u00bb da_has_shadow=\u00a0\u00bbon\u00a0\u00bb][et_pb_row use_custom_gutter=\u00a0\u00bbon\u00a0\u00bb gutter_width=\u00a0\u00bb1&Prime; _builder_version=\u00a0\u00bb4.16&Prime; _module_preset=\u00a0\u00bbdefault\u00a0\u00bb width=\u00a0\u00bb100%\u00a0\u00bb max_width=\u00a0\u00bb2560px\u00a0\u00bb custom_margin=\u00a0\u00bb0px|0px|0px|0px|false|false\u00a0\u00bb custom_padding=\u00a0\u00bb0px|0px|0px|0px|false|false\u00a0\u00bb global_colors_info=\u00a0\u00bb{}\u00a0\u00bb theme_builder_area=\u00a0\u00bbpost_content\u00a0\u00bb][et_pb_column type=\u00a0\u00bb4_4&Prime; _builder_version=\u00a0\u00bb4.16&Prime; _module_preset=\u00a0\u00bbdefault\u00a0\u00bb global_colors_info=\u00a0\u00bb{}\u00a0\u00bb theme_builder_area=\u00a0\u00bbpost_content\u00a0\u00bb][et_pb_text _builder_version=\u00a0\u00bb4.19.4&Prime; _module_preset=\u00a0\u00bbdefault\u00a0\u00bb custom_padding=\u00a0\u00bb20px||40px||false|false\u00a0\u00bb hover_enabled=\u00a0\u00bb0&Prime; global_colors_info=\u00a0\u00bb{}\u00a0\u00bb theme_builder_area=\u00a0\u00bbpost_content\u00a0\u00bb sticky_enabled=\u00a0\u00bb0&Prime;]<\/p>\n<h2 style=\"text-align: center;\">Veuillez nous fournir votre nom et votre adresse e-mail et nous vous r\u00e9pondrons.<\/h2>\n<p>[\/et_pb_text][et_pb_code _builder_version=\u00a0\u00bb4.19.4&Prime; _module_preset=\u00a0\u00bbdefault\u00a0\u00bb global_colors_info=\u00a0\u00bb{}\u00a0\u00bb theme_builder_area=\u00a0\u00bbpost_content\u00a0\u00bb]<div class=\"wpcf7 no-js\" id=\"wpcf7-f3967-o1\" lang=\"es-ES\" dir=\"ltr\">\n<div class=\"screen-reader-response\"><p role=\"status\" aria-live=\"polite\" aria-atomic=\"true\"><\/p> <ul><\/ul><\/div>\n<form action=\"\/fr\/wp-json\/wp\/v2\/pages\/7292#wpcf7-f3967-o1\" method=\"post\" class=\"wpcf7-form init\" aria-label=\"Formulario de contacto\" novalidate=\"novalidate\" data-status=\"init\">\n<div style=\"display: none;\">\n<input type=\"hidden\" name=\"_wpcf7\" value=\"3967\" \/>\n<input type=\"hidden\" name=\"_wpcf7_version\" value=\"5.7.2\" \/>\n<input type=\"hidden\" name=\"_wpcf7_locale\" value=\"es_ES\" \/>\n<input type=\"hidden\" name=\"_wpcf7_unit_tag\" value=\"wpcf7-f3967-o1\" \/>\n<input type=\"hidden\" name=\"_wpcf7_container_post\" value=\"0\" \/>\n<input type=\"hidden\" name=\"_wpcf7_posted_data_hash\" value=\"\" \/>\n<\/div>\n<div class=\"al-input-group\">\n\t<div class=\"al-input al-padding-right\" id=\"contact-form-name-div\">\n\t\t<p><span class=\"wpcf7-form-control-wrap\" data-name=\"contactname\"><input size=\"40\" class=\"wpcf7-form-control wpcf7-text wpcf7-validates-as-required\" aria-required=\"true\" aria-invalid=\"false\" placeholder=\"Nombre\" value=\"\" type=\"text\" name=\"contactname\" \/><\/span>\n\t\t<\/p>\n\t<\/div>\n\t<div class=\"al-input al-padding-left\" id=\"contact-form-email-div\">\n\t\t<p><span class=\"wpcf7-form-control-wrap\" data-name=\"email\"><input size=\"40\" class=\"wpcf7-form-control wpcf7-text wpcf7-email wpcf7-validates-as-required wpcf7-validates-as-email\" aria-required=\"true\" aria-invalid=\"false\" placeholder=\"Correo electr\u00f3nico\" value=\"\" type=\"email\" name=\"email\" \/><\/span>\n\t\t<\/p>\n\t<\/div>\n<\/div>\n<div class=\"al-legal\">\n\t<p><span class=\"wpcf7-form-control-wrap\" data-name=\"legal\"><span class=\"wpcf7-form-control wpcf7-acceptance\"><span class=\"wpcf7-list-item\"><label><input type=\"checkbox\" name=\"legal\" value=\"1\" aria-invalid=\"false\" \/><span class=\"wpcf7-list-item-label\">He le\u00eddo y acepto la <a href=\"\/politica-de-privacidad\" target=\"_blank\" rel=\"noopener\">Pol\u00edtica de privacidad<\/a><\/span><\/label><\/span><\/span><\/span>\n\t<\/p>\n<\/div>\n<div class=\"al-submit\">\n\t<p><input class=\"wpcf7-form-control has-spinner wpcf7-submit\" type=\"submit\" value=\"Enviar\" \/>\n\t<\/p>\n<\/div><div class=\"wpcf7-response-output\" aria-hidden=\"true\"><\/div><\/form><\/div><!-- [et_pb_line_break_holder] -->        <!-- [et_pb_line_break_holder] -->    <!-- [et_pb_line_break_holder] --><!-- [et_pb_line_break_holder] --><!-- [et_pb_line_break_holder] -->\t\t\t\t\t[\/et_pb_code][\/et_pb_column][\/et_pb_row][\/et_pb_section]<\/p>\n","protected":false},"excerpt":{"rendered":"<p>D\u00e9couvrez les solutions que nous pouvons vous proposer. Contactez-nous ! Plus de 5 000 projets \u00e0 travers le monde nous soutiennent !HISTOIRE &nbsp;Depuis pr\u00e8s de 70 ans depuis notre fondation et sur la base du principe de fournir un service sp\u00e9cialis\u00e9 et direct sur le march\u00e9 international, nous avons d\u00e9velopp\u00e9 un vaste r\u00e9seau de filiales [&hellip;]<\/p>\n","protected":false},"author":6,"featured_media":0,"parent":7274,"menu_order":0,"comment_status":"closed","ping_status":"closed","template":"","meta":{"_et_pb_use_builder":"on","_et_pb_old_content":"","_et_gb_content_width":"","footnotes":""},"class_list":["post-7292","page","type-page","status-publish","hentry"],"_links":{"self":[{"href":"https:\/\/presentacionproductosalsina.com\/fr\/wp-json\/wp\/v2\/pages\/7292","targetHints":{"allow":["GET"]}}],"collection":[{"href":"https:\/\/presentacionproductosalsina.com\/fr\/wp-json\/wp\/v2\/pages"}],"about":[{"href":"https:\/\/presentacionproductosalsina.com\/fr\/wp-json\/wp\/v2\/types\/page"}],"author":[{"embeddable":true,"href":"https:\/\/presentacionproductosalsina.com\/fr\/wp-json\/wp\/v2\/users\/6"}],"replies":[{"embeddable":true,"href":"https:\/\/presentacionproductosalsina.com\/fr\/wp-json\/wp\/v2\/comments?post=7292"}],"version-history":[{"count":11,"href":"https:\/\/presentacionproductosalsina.com\/fr\/wp-json\/wp\/v2\/pages\/7292\/revisions"}],"predecessor-version":[{"id":7780,"href":"https:\/\/presentacionproductosalsina.com\/fr\/wp-json\/wp\/v2\/pages\/7292\/revisions\/7780"}],"up":[{"embeddable":true,"href":"https:\/\/presentacionproductosalsina.com\/fr\/wp-json\/wp\/v2\/pages\/7274"}],"wp:attachment":[{"href":"https:\/\/presentacionproductosalsina.com\/fr\/wp-json\/wp\/v2\/media?parent=7292"}],"curies":[{"name":"wp","href":"https:\/\/api.w.org\/{rel}","templated":true}]}}