{"id":6487,"date":"2022-04-27T10:46:11","date_gmt":"2022-04-27T08:46:11","guid":{"rendered":"https:\/\/kiosk.alsina.com\/politique-de-confidentialite\/"},"modified":"2024-12-13T13:12:59","modified_gmt":"2024-12-13T12:12:59","slug":"politique-de-confidentialite","status":"publish","type":"page","link":"https:\/\/presentacionproductosalsina.com\/fr\/politique-de-confidentialite\/","title":{"rendered":"Politique de confidentialit\u00e9"},"content":{"rendered":"\n\n[et_pb_section fb_built=\u00a0\u00bb1&Prime; theme_builder_area=\u00a0\u00bbpost_content\u00a0\u00bb _builder_version=\u00a0\u00bb4.14.8&Prime; _module_preset=\u00a0\u00bbdefault\u00a0\u00bb da_is_popup=\u00a0\u00bboff\u00a0\u00bb da_exit_intent=\u00a0\u00bboff\u00a0\u00bb da_has_close=\u00a0\u00bbon\u00a0\u00bb da_alt_close=\u00a0\u00bboff\u00a0\u00bb da_dark_close=\u00a0\u00bboff\u00a0\u00bb da_not_modal=\u00a0\u00bbon\u00a0\u00bb da_is_singular=\u00a0\u00bboff\u00a0\u00bb da_with_loader=\u00a0\u00bboff\u00a0\u00bb da_has_shadow=\u00a0\u00bbon\u00a0\u00bb da_disable_devices=\u00a0\u00bboff|off|off\u00a0\u00bb][et_pb_row _builder_version=\u00a0\u00bb4.14.8&Prime; _module_preset=\u00a0\u00bbdefault\u00a0\u00bb theme_builder_area=\u00a0\u00bbpost_content\u00a0\u00bb][et_pb_column _builder_version=\u00a0\u00bb4.14.8&Prime; _module_preset=\u00a0\u00bbdefault\u00a0\u00bb type=\u00a0\u00bb4_4&Prime; theme_builder_area=\u00a0\u00bbpost_content\u00a0\u00bb][et_pb_text _builder_version=\u00a0\u00bb4.14.8&Prime; _module_preset=\u00a0\u00bbdefault\u00a0\u00bb theme_builder_area=\u00a0\u00bbpost_content\u00a0\u00bb hover_enabled=\u00a0\u00bb0&Prime; sticky_enabled=\u00a0\u00bb0&Prime;]<h1><strong>Politique de confidentialit\u00e9<\/strong><\/h1>\n<p><strong><\/strong><\/p>\n<ol>\n<li><strong>INFORMATIONS SUR L\u2019UTILISATEUR<\/strong>. Conform\u00e9ment au devoir d&rsquo;information contenu dans l&rsquo;article 10 de la loi 34\/2002 du 11 juillet relative aux services de la soci\u00e9t\u00e9 de l&rsquo;information et du commerce \u00e9lectronique, sont refl\u00e9t\u00e9es ci-dessous les donn\u00e9es suivantes du site Web : la soci\u00e9t\u00e9 propri\u00e9taire de <a href=\"http:\/\/www.alsina.com\/\" target=\"_blank\" rel=\"noopener\">www.alsina.com<\/a> est <strong>Encofrados J. Alsina, S.A.<\/strong> (ci-apr\u00e8s <strong>ALSINA<\/strong>) domicili\u00e9 \u00e0 ces fins dans <strong>Cam\u00ed de la font Freda, 1 en Montcada i Reixac (Barcelona)<\/strong> Num\u00e9ro C.I.F. : <strong>A08332363<\/strong> immatricul\u00e9e au Registre du Commerce de<strong>Barcelona<\/strong> dans le volume <strong>2.387<\/strong> general, Folio<strong>107<\/strong>, Feuille <strong>1.776<\/strong>, Inscription <strong>2\u00aa<\/strong>. Courriel de contact : <a href=\"mailto:alsinainfo@alsina.com\">alsinainfo@alsina.com<\/a> . T\u00e9l\u00e9phone de contact: <strong>935753000<\/strong>         <\/li>\n<li><strong>PROTECTION DES DONN\u00c9ES<\/strong>. <strong>ALSINA<\/strong> se conforme aux lignes directrices du R\u00e8glement G\u00e9n\u00e9ral sur la Protection des Donn\u00e9es et aux autres r\u00e9glementations en vigueur et garantit l&rsquo;utilisation et le traitement corrects des donn\u00e9es personnelles de l&rsquo;utilisateur. A cet effet, accompagn\u00e9 de chaque formulaire de collecte de donn\u00e9es personnelles, dans les services que l&rsquo;utilisateur peut demander \u00e0 <strong>ALSINA<\/strong>, informera l&rsquo;utilisateur de l&rsquo;existence et de l&rsquo;acceptation des conditions particuli\u00e8res du traitement de ses donn\u00e9es dans chaque cas, en l&rsquo;informant de : (i) le responsable du traitement, (ii) la finalit\u00e9 de celui-ci, (iii) le cause l\u00e9gitimante, (iv) les destinataires possibles des donn\u00e9es, (v) la proc\u00e9dure pour exercer les droits d&rsquo;acc\u00e8s, de rectification, d&rsquo;opposition, de suppression, de limitation du traitement et de portabilit\u00e9, ainsi que, dans les cas o\u00f9 les donn\u00e9es n&rsquo;ont pas \u00e9t\u00e9 obtenus de l&rsquo;int\u00e9ress\u00e9 lui-m\u00eame, de (v) l&rsquo;origine et. les cat\u00e9gories de donn\u00e9es trait\u00e9es. En outre,<strong>ALSINA<\/strong> vous informe qu&rsquo;elle se conforme \u00e0 la loi 34\/2002 du 11 juillet relative aux services de la soci\u00e9t\u00e9 de l&rsquo;information et au commerce \u00e9lectronique et vous demandera \u00e0 tout moment votre consentement au traitement de votre courrier \u00e9lectronique \u00e0 des fins commerciales.        <\/li>\n<li><strong>PROPRI\u00c9T\u00c9 INTELLECTUELLE ET INDUSTRIELLE<\/strong>. <strong>ALSINA<\/strong> est propri\u00e9taire de tous les droits de propri\u00e9t\u00e9 intellectuelle et industrielle de son site Internet, ainsi que des \u00e9l\u00e9ments qui y sont contenus (\u00e0 titre d&rsquo;exemple, images, sons, audio, vid\u00e9o, logiciels ou textes ; marques ou logos, combinaisons de couleurs, structure et design, s\u00e9lection des mat\u00e9riaux utilis\u00e9s, des programmes informatiques n\u00e9cessaires \u00e0 son fonctionnement, \u00e0 son acc\u00e8s et \u00e0 son utilisation, etc.), propri\u00e9t\u00e9 de <strong>ALSINA<\/strong> ou ses conc\u00e9dants de licence. Tous droits r\u00e9serv\u00e9s. En vertu des dispositions des articles 8 et 32.1, deuxi\u00e8me alin\u00e9a, de la Loi sur la Propri\u00e9t\u00e9 Intellectuelle, la reproduction, la distribution et la communication publique, y compris le mode de mise \u00e0 disposition, de tout ou partie du contenu de ce site Web, \u00e0 des fins commerciales , sur tout support et par tout moyen technique, sans l&rsquo;autorisation de <strong>ALSINA<\/strong>. L&rsquo;utilisateur s&rsquo;engage \u00e0 respecter les droits de propri\u00e9t\u00e9 intellectuelle et industrielle d\u00e9tenus par <strong>ALSINA<\/strong>.   <\/li>\n<li><strong>LINKS<\/strong>. Dans le cas o\u00f9 dans <a href=\"https:\/\/www.alsina.com\/\" target=\"_blank\" rel=\"noopener\">www.alsina.com<\/a> des liens ou hyperliens vers d\u2019autres sites Internet sont disponibles, <strong>ALSINA<\/strong> n&rsquo;exercera aucun type de contr\u00f4le sur lesdits sites et contenus. En aucun cas <strong>ALSINA<\/strong> n&rsquo;assumera aucune responsabilit\u00e9 quant au contenu de tout lien appartenant \u00e0 un site Web tiers.  <\/li>\n<li><strong>LIMITATION DE RESPONSABILIT\u00c9<\/strong>. <strong>ALSINA<\/strong> n&rsquo;est en aucun cas responsable des dommages de toute nature pouvant causer, mais sans s&rsquo;y limiter, des erreurs ou des omissions dans le contenu, le manque de disponibilit\u00e9 du portail ou la transmission de virus ou de programmes malveillants ou nuisibles dans le contenu, bien qu&rsquo;ayant adopt\u00e9 toutes les mesures technologiques n\u00e9cessaires pour l&rsquo;\u00e9viter.<\/li>\n<li><strong>MODIFICATIONS ET MISES \u00c0 JOUR<\/strong>. <strong>ALSINA<\/strong> se r\u00e9serve le droit d&rsquo;apporter, \u00e0 tout moment et sans pr\u00e9avis, des modifications et des mises \u00e0 jour aux informations contenues sur le site, sa configuration, sa disponibilit\u00e9 et sa pr\u00e9sentation.<\/li>\n<\/ol>[\/et_pb_text][\/et_pb_column][\/et_pb_row][\/et_pb_section]\n\n","protected":false},"excerpt":{"rendered":"<p>Politique de confidentialit\u00e9 INFORMATIONS SUR L\u2019UTILISATEUR. Conform\u00e9ment au devoir d&rsquo;information contenu dans l&rsquo;article 10 de la loi 34\/2002 du 11 juillet relative aux services de la soci\u00e9t\u00e9 de l&rsquo;information et du commerce \u00e9lectronique, sont refl\u00e9t\u00e9es ci-dessous les donn\u00e9es suivantes du site Web : la soci\u00e9t\u00e9 propri\u00e9taire de www.alsina.com est Encofrados J. Alsina, S.A. (ci-apr\u00e8s ALSINA) [&hellip;]<\/p>\n","protected":false},"author":2,"featured_media":0,"parent":0,"menu_order":0,"comment_status":"closed","ping_status":"closed","template":"","meta":{"_et_pb_use_builder":"on","_et_pb_old_content":"","_et_gb_content_width":"","footnotes":""},"class_list":["post-6487","page","type-page","status-publish","hentry"],"_links":{"self":[{"href":"https:\/\/presentacionproductosalsina.com\/fr\/wp-json\/wp\/v2\/pages\/6487","targetHints":{"allow":["GET"]}}],"collection":[{"href":"https:\/\/presentacionproductosalsina.com\/fr\/wp-json\/wp\/v2\/pages"}],"about":[{"href":"https:\/\/presentacionproductosalsina.com\/fr\/wp-json\/wp\/v2\/types\/page"}],"author":[{"embeddable":true,"href":"https:\/\/presentacionproductosalsina.com\/fr\/wp-json\/wp\/v2\/users\/2"}],"replies":[{"embeddable":true,"href":"https:\/\/presentacionproductosalsina.com\/fr\/wp-json\/wp\/v2\/comments?post=6487"}],"version-history":[{"count":1,"href":"https:\/\/presentacionproductosalsina.com\/fr\/wp-json\/wp\/v2\/pages\/6487\/revisions"}],"predecessor-version":[{"id":6488,"href":"https:\/\/presentacionproductosalsina.com\/fr\/wp-json\/wp\/v2\/pages\/6487\/revisions\/6488"}],"wp:attachment":[{"href":"https:\/\/presentacionproductosalsina.com\/fr\/wp-json\/wp\/v2\/media?parent=6487"}],"curies":[{"name":"wp","href":"https:\/\/api.w.org\/{rel}","templated":true}]}}